{"id":886,"date":"2022-01-23T12:10:01","date_gmt":"2022-01-23T10:10:01","guid":{"rendered":"https:\/\/arvamusfestival.ee\/arvamusfestivalil-osaleja-juhis-2022\/"},"modified":"2022-03-01T12:07:13","modified_gmt":"2022-03-01T10:07:13","slug":"arvamusfestivalil-osaleja-juhis-2022","status":"publish","type":"page","link":"https:\/\/arvamusfestival.ee\/en\/arvamusfestivalil-osaleja-juhis-2022\/","title":{"rendered":"Arvamusfestivalil osaleja juhis 2022"},"content":{"rendered":"\n<p><strong>2022. aasta Arvamusfestival j\u00e4rgib Vabariigi Valitsuse korraldust, mis s\u00e4testab avalike \u00fcrituste korraldamise tingimused. T\u00e4pne festivali korraldus ja kehtivad reeglid anname teada aegsasti, et j\u00f5uaksid end k\u00f5igega kurssi viia.<\/strong><\/p>\n\n\n\n<p><\/p>\n\n\n\n<h3 class=\"wp-block-heading\">Ultimate success formula<\/h3>\n\n\n\n<p>Erroribus vituperatoribus no eos, no nobis alienum per. Dolor contentiones qui ei, exerci dissentiet comprehensam eum ne.<\/p>\n\n\n\n<p>Mea an decore veritus probatus. Nec ea affert verterem. Vix probo semper et, mea simul graeco diceret te. Qui no stet ferri qualisque, ut clita scripserit nec. Ei mei fabellas gubergren, ius nostro senserit adversarium te. Vix dicam dolore cu. Mel erat timeam scriptorem an. Sit alii tantas viderer no.<\/p>\n\n\n\n<h3 class=\"wp-block-heading\">Testimine festivalialal<\/h3>\n\n\n\t\t<div\n            id=\"wpmapblock_0\"\n            data-settings='{&quot;map_marker&quot;:[{&quot;lat&quot;:&quot;59.4266516&quot;,&quot;lng&quot;:&quot;24.724124767587547&quot;,&quot;title&quot;:&quot;Festivali ala&quot;,&quot;content&quot;:&quot;&quot;,&quot;iconType&quot;:&quot;default&quot;,&quot;customIconUrl&quot;:&quot;&quot;,&quot;customIconWidth&quot;:&quot;25&quot;,&quot;customIconHeight&quot;:&quot;40&quot;},{&quot;lat&quot;:&quot;59.4372155&quot;,&quot;lng&quot;:&quot;24.7453688&quot;,&quot;title&quot;:&quot;Rattaparkla&quot;,&quot;content&quot;:&quot;&quot;,&quot;iconType&quot;:&quot;default&quot;,&quot;customIconUrl&quot;:&quot;&quot;,&quot;customIconWidth&quot;:&quot;25&quot;,&quot;customIconHeight&quot;:&quot;40&quot;}],&quot;map_zoom&quot;:&quot;12&quot;,&quot;scroll_wheel_zoom&quot;:false,&quot;map_type&quot;:&quot;GM&quot;,&quot;center_index&quot;:0}'\n            class=\"wpmapblockrender\"\n            style=\"\n\t\t\twidth: 100%;\n\t\t\theight: 500px;\n\t\t\"\n            >\n        <\/div>\n        \n\n\n<h3 class=\"wp-block-heading\">Testimispunkt on avatud:<\/h3>\n\n\n\n<p>N, 12. august: 17:00-20:00<br>R, 13. august: 10:00-20:00<br>L, 14. august: 09:00-20:00<\/p>\n","protected":false},"excerpt":{"rendered":"<p>2022. aasta Arvamusfestival j\u00e4rgib Vabariigi Valitsuse korraldust, mis s\u00e4testab avalike \u00fcrituste korraldamise tingimused. T\u00e4pne festivali korraldus ja kehtivad reeglid anname teada aegsasti, et j\u00f5uaksid end k\u00f5igega kurssi viia. Ultimate success formula Erroribus vituperatoribus no eos, [&hellip;]<\/p>\n","protected":false},"author":1,"featured_media":0,"parent":0,"menu_order":0,"comment_status":"closed","ping_status":"closed","template":"","meta":{"_acf_changed":false,"_eb_attr":"","footnotes":""},"class_list":["post-886","page","type-page","status-publish","hentry"],"acf":[],"_links":{"self":[{"href":"https:\/\/arvamusfestival.ee\/en\/wp-json\/wp\/v2\/pages\/886","targetHints":{"allow":["GET"]}}],"collection":[{"href":"https:\/\/arvamusfestival.ee\/en\/wp-json\/wp\/v2\/pages"}],"about":[{"href":"https:\/\/arvamusfestival.ee\/en\/wp-json\/wp\/v2\/types\/page"}],"author":[{"embeddable":true,"href":"https:\/\/arvamusfestival.ee\/en\/wp-json\/wp\/v2\/users\/1"}],"replies":[{"embeddable":true,"href":"https:\/\/arvamusfestival.ee\/en\/wp-json\/wp\/v2\/comments?post=886"}],"version-history":[{"count":4,"href":"https:\/\/arvamusfestival.ee\/en\/wp-json\/wp\/v2\/pages\/886\/revisions"}],"predecessor-version":[{"id":890,"href":"https:\/\/arvamusfestival.ee\/en\/wp-json\/wp\/v2\/pages\/886\/revisions\/890"}],"wp:attachment":[{"href":"https:\/\/arvamusfestival.ee\/en\/wp-json\/wp\/v2\/media?parent=886"}],"curies":[{"name":"wp","href":"https:\/\/api.w.org\/{rel}","templated":true}]}}