{"id":873,"date":"2022-01-13T13:47:32","date_gmt":"2022-01-13T11:47:32","guid":{"rendered":"https:\/\/arvamusfestival.ee\/organisers\/"},"modified":"2025-01-17T08:34:20","modified_gmt":"2025-01-17T06:34:20","slug":"about","status":"publish","type":"page","link":"https:\/\/arvamusfestival.ee\/en\/about\/","title":{"rendered":"Contacts"},"content":{"rendered":"<div class=\"lazyblock-bold-header-ZRgRh0 wp-block-lazyblock-bold-header\">\n<section class=\"strong-intro\">\n    <\/section>\n<\/div>\n\n<div class=\"lazyblock-core-team-ZmsO2 wp-block-lazyblock-core-team\">\n<section class=\"core-team\">\n    <div class=\"l-container\">\n                    <h4>Core Team<\/h4>\n        \n        <div class=\"core-team__sliders\">\n            <div class=\" core-team__slider\" id=\"core-team-slider\">\n                <div class=\"splide__track\">\n                    <div class=\"splide__list\">\n\n                                                    <div class=\"splide__slide core-team__slide\">\n                                <div class=\"core-team__pic\">\n                                    <img decoding=\"async\" src=\"https:\/\/arvamusfestival.ee\/wp-content\/uploads\/2025\/01\/2024-12-18_Afestivali_po_JoosepKivimae-11-scaled.jpg\" alt=\"\">\n                                <\/div>\n\n                                <div class=\"core-team__info\">\n                                                                            <h4>Core Team<\/h4>\n                                                                        <h3>Taaniel Raudsepp<\/h3>\n                                    <div class=\"core-team__job\">Arvamusfestivali eestvedaja<\/div>\n                                    <a href=\"mailto:taaniel.raudsepp@arvamusfestival.ee\" class=\"core-team__email\">taaniel.raudsepp@arvamusfestival.ee<\/a>\n                                    <a href=\"tel:+372 5844 3547\" class=\"core-team__phone\">+372 5844 3547<\/a>\n                                <\/div>\n                            <\/div>\n                                                    <div class=\"splide__slide core-team__slide\">\n                                <div class=\"core-team__pic\">\n                                    <img decoding=\"async\" src=\"https:\/\/arvamusfestival.ee\/wp-content\/uploads\/2025\/01\/2024-12-18_Afestivali_po_JoosepKivimae-9-scaled-e1741009061350.jpg\" alt=\"\">\n                                <\/div>\n\n                                <div class=\"core-team__info\">\n                                                                            <h4>Core Team<\/h4>\n                                                                        <h3>Helena Hiis<\/h3>\n                                    <div class=\"core-team__job\">Kommunikatsiooni- ja turundusjuht<\/div>\n                                    <a href=\"mailto:helena.hiis@m\u00f5ju.ee\" class=\"core-team__email\">helena.hiis@m\u00f5ju.ee<\/a>\n                                    <a href=\"tel:+372 5399 5566\" class=\"core-team__phone\">+372 5399 5566<\/a>\n                                <\/div>\n                            <\/div>\n                                                    <div class=\"splide__slide core-team__slide\">\n                                <div class=\"core-team__pic\">\n                                    <img decoding=\"async\" src=\"\" alt=\"\">\n                                <\/div>\n\n                                <div class=\"core-team__info\">\n                                                                            <h4>Core Team<\/h4>\n                                                                        <h3>Karolin Nummert<\/h3>\n                                    <div class=\"core-team__job\">Programmi projektijuht<\/div>\n                                    <a href=\"mailto:karolin.nummert@arvamusfestival.ee\" class=\"core-team__email\">karolin.nummert@arvamusfestival.ee<\/a>\n                                    <a href=\"tel:+37255968662\" class=\"core-team__phone\">+37255968662<\/a>\n                                <\/div>\n                            <\/div>\n                                                    <div class=\"splide__slide core-team__slide\">\n                                <div class=\"core-team__pic\">\n                                    <img decoding=\"async\" src=\"https:\/\/arvamusfestival.ee\/wp-content\/uploads\/2023\/12\/ARvamus_9-1-scaled.jpg\" alt=\"\">\n                                <\/div>\n\n                                <div class=\"core-team__info\">\n                                                                            <h4>Core Team<\/h4>\n                                                                        <h3>Karola Jaanof<\/h3>\n                                    <div class=\"core-team__job\">Vabatahtlike elu ja olme<\/div>\n                                    <a href=\"mailto:karola.jaanof@arvamusfestival.ee\" class=\"core-team__email\">karola.jaanof@arvamusfestival.ee<\/a>\n                                    <a href=\"tel:+372 524 8695\" class=\"core-team__phone\">+372 524 8695<\/a>\n                                <\/div>\n                            <\/div>\n                                                    <div class=\"splide__slide core-team__slide\">\n                                <div class=\"core-team__pic\">\n                                    <img decoding=\"async\" src=\"https:\/\/arvamusfestival.ee\/wp-content\/uploads\/2025\/01\/2024-12-18_Afestivali_po_JoosepKivimae-1-scaled.jpg\" alt=\"\">\n                                <\/div>\n\n                                <div class=\"core-team__info\">\n                                                                            <h4>Core Team<\/h4>\n                                                                        <h3>Johannes S\u00e4re<\/h3>\n                                    <div class=\"core-team__job\">Ala ja atmosf\u00e4\u00e4r<\/div>\n                                    <a href=\"mailto:johannes.sare@arvamusfestival.ee \" class=\"core-team__email\">johannes.sare@arvamusfestival.ee <\/a>\n                                    <a href=\"tel:\" class=\"core-team__phone\"><\/a>\n                                <\/div>\n                            <\/div>\n                                                    <div class=\"splide__slide core-team__slide\">\n                                <div class=\"core-team__pic\">\n                                    <img decoding=\"async\" src=\"https:\/\/arvamusfestival.ee\/wp-content\/uploads\/2025\/01\/2024-12-18_Afestivali_po_JoosepKivimae-6-scaled-e1741009045948.jpg\" alt=\"\">\n                                <\/div>\n\n                                <div class=\"core-team__info\">\n                                                                            <h4>Core Team<\/h4>\n                                                                        <h3>Liis K\u00e4ngsepp<\/h3>\n                                    <div class=\"core-team__job\">Arendus- ja innovatsioonikonsultant<\/div>\n                                    <a href=\"mailto:liis.kangsepp@arvamusfestival.ee\" class=\"core-team__email\">liis.kangsepp@arvamusfestival.ee<\/a>\n                                    <a href=\"tel:\" class=\"core-team__phone\"><\/a>\n                                <\/div>\n                            <\/div>\n                                                    <div class=\"splide__slide core-team__slide\">\n                                <div class=\"core-team__pic\">\n                                    <img decoding=\"async\" src=\"\" alt=\"\">\n                                <\/div>\n\n                                <div class=\"core-team__info\">\n                                                                            <h4>Core Team<\/h4>\n                                                                        <h3>Iris Arold<\/h3>\n                                    <div class=\"core-team__job\">Kultuuriprogrammi produtsent<\/div>\n                                    <a href=\"mailto:iris.arold@arvamusfestival.ee\" class=\"core-team__email\">iris.arold@arvamusfestival.ee<\/a>\n                                    <a href=\"tel:\" class=\"core-team__phone\"><\/a>\n                                <\/div>\n                            <\/div>\n                        \n                    <\/div>\n                <\/div>\n            <\/div>\n\n            <div class=\"core-team__names splide\" id=\"core-team-names\">\n                <div class=\"splide__track\">\n                    <ul class=\"splide__list\">\n                                                    <li class=\"splide__slide\">Taaniel Raudsepp<\/li>\n                                                    <li class=\"splide__slide\">Helena Hiis<\/li>\n                                                    <li class=\"splide__slide\">Karolin Nummert<\/li>\n                                                    <li class=\"splide__slide\">Karola Jaanof<\/li>\n                                                    <li class=\"splide__slide\">Johannes S\u00e4re<\/li>\n                                                    <li class=\"splide__slide\">Liis K\u00e4ngsepp<\/li>\n                                                    <li class=\"splide__slide\">Iris Arold<\/li>\n                                            <\/ul>\n                <\/div>\n            <\/div>\n        <\/div>\n\n        <div class=\"core-team__navi\">\n            <a href=\"#link\" class=\"core-team__navi-prev\"><img decoding=\"async\" src=\"https:\/\/arvamusfestival.ee\/wp-content\/themes\/arvamus\/img\/c-left.svg\" alt=\"\"><\/a>\n            <a href=\"#link\" class=\"core-team__navi-next\"><img decoding=\"async\" src=\"https:\/\/arvamusfestival.ee\/wp-content\/themes\/arvamus\/img\/c-right.svg\" alt=\"\"><\/a>\n        <\/div>\n    <\/div>\n<\/section>\n<\/div>\n\n\n<h2 class=\"wp-block-heading\" id=\"arvamusfestivali-vabatahtlikud-labi-10-aasta\">Volunteers throughout the years<\/h2>\n\n\n\n<p style=\"font-size:14px\">Ade-Briana Nurk | Aet Kiisla | Aet Purk | Agne Kivisaar | Agnes Sugurova | Ago Gashkov | Aili Agarmaa | Aili Sagor | Airi Jakobson-M\u00e4nnik | Aive \u00c4\u00e4rma | Alari Rammo | Alena Hollo | Aleks Homin | Aleksander Tali | Alice Veedla | Alissa Ivanova | Alo Aasma | Anastasia Tinyakova | Andi Metsalu | Andreas Vaks | Andrei Rikberg | Andres Koder | Andrias Seeberg | Anete K\u00f5iv | Anett T\u00f5nism\u00e4e | Anne Veerpalu | Anette T\u00f5nism\u00e4e | Ann Trummal | Anna Karolin | Anna Lindpere | Anna Markova | Annabell Anton | Annela Nairis | Anneli Kenk | Anneli Suits | Anneli Tumanski | Annely Tank | Anni Alev | Annika Kutti | Anna-Liisa Villmann | Anna-Liisa Kr\u00f5lov | Annabel Morozov | Anni-Liis Prangli | Annika Paltsmar | Annika Trummar | Annli Heinsalu | Anton Pratkunas | Anu Bollverk | Anu Kivinukk | Anu Melioranski | Argo N\u00f5mmik | Arne Palitser | Arnis Simson | Arno V\u00e4rv | Arti Piirmaa | Arvo Saalits | Arto Saar | Artur Zahharov | Bert Paatsi | Birgit Pikkor | Birgit Rootsi | Birgit Sitska | Britta Tarvis | Britta Kadanik | Carmen Akkermann | Carmen Isop | Carmen Karn\u00f6 | Carmen Kirst | Carmen Marianne Te\u00e4r | Carola Kuus | Carolyn Mets | Catherine Karu | Ceilis Keermann | Claudia Isabel Orumaa | Crisely Apri | Damaris Tambla | Dana Hanna Madjar | Daniil Kotilevits | Dave Talimaa | Daiana Hanna Madjar | Dagmara Gareev | Deisi Helem\u00e4e-Sarv | Deivi Suiste | Dharma Helena Veskim\u00e4gi | Diana Tiits | Doris T\u00e4\u00e4ker | Eerik Maalmann | Egle Ellermaa | Egle Piirmaa | Egle Ninep | Eha-Hilju Palm | Eimar Veldre | Eliisa Vellama | Ele Enn | Ele Laks | Elena \u00d5isma | Elery Mets | Elery Rooba | Eliina Smirnova | Elina Allikalt | Elina Tirgo | Ellen Rosimannus | Elliko K\u00f5iv | Elo Kiivet | Elo Liiv | Elsa-Maris Ivanov | Elsa Punapart | Emily Bollverk | Emma Kivi | Emma Tamm | Endo Viires | Elery Mets | Epp Rooks | Elise Ojasoo | Erika T\u0161igura | Erki Luukas | Erle Martin | Ester Marjapuu | Esti T\u00e4hnas | Eva-Johanna Mehu | Eva Ligi Aydo\u011fmu\u015f | Eva Uibopuu | Eveli Vahesalu | Eveli \u017deliajeva | Evelin Rootsi | Eviita \u00d5isma | Fiona J\u00f5esuu | Geitlin Saagim | Gendra Alev | Gerda Metsis | Gerli Koppel | Gerlika Vahtra | Gerly R\u00e4nnik | Getter Orusalu | Greete Koit | Grete Maria Neppo | Grete Roos | Gregor Kaugerand | Gregor Koit | Grethel Saviste | Grisly Kuuskler | Hannah Kaljur | Hanno Martti Talts | Harriet Krik | Hedi-Kai Ridala | Helen Kurvits | Henri H\u00e4rma | Henri-Kristian Kirsip | Henri Laupmaa | Heidi Antons | Heigo Korolkov | Heigo Laaneoks | Heilika Nugis | Heldi Ruiso | Hele Juhanson | Helen Kannelm\u00e4e | Helen Toomsalu | Helena Kotsar | Helena Martjak | Helena M\u00e4gi | Helena Soovik | Helena Veldre | Helene Kalda | Heleri Kaasik | Heleri Hanko | Heleri Raasik | Heleriin Adelbert | Helina Loor | Henri K\u00f5iv | Hetlin Villak | Inga Jaagus | Indrek Kuuse | Indrek Tark | Inge Jasner | Ingrid Aule | Ingrid Saare | Ingrid Alla | Iris Arold | Irma Olonen | Ivan Sergejev | Ivo Posti | Jaan Kirsipuu | Jaan Sinka | Jaan Silla | Jaana Kalinistova | Jaana Lindmets | Jack Robin | Jakob Rosin | Jane Kiristaja | Jane-Ly Tihane | Jane Saluorg | Janek Jaanof | Janek Lehtpuu | Janno Lehemets | Jannus Jaska | Joanna Kurvits | Johanna Kristiina Jaansoo | Joonas Hein | Joonas Kaljulaid | Julia Amor | Julia Voinova | J\u00fcrgen Randma | Kaarel Oja | Kaarel Vene | Kaarin Rannu | Kaarle Joosep Kannelm\u00e4e | Kaid Veskim\u00e4e | Kaidi Assin | Kaidi Rahulaan | Kaira V\u00e4strik | Kairi Koller | Kairi T\u00f5nise | Kairit Merman | Kaisa-Triin Karu | Kaisa Saarmann | Kajar Kase | Kait Veskim\u00e4e | Kalvi Paltsmar | Kannelmann Liiva | Karin Kase | Karin Kamber | Karin K\u00fcnnapas | Karina Kolk | Karl Romet Somelar | Karlis Ellermaa | Karola Jaanof | Kaspar J\u00f5geva | Kaspar Kelder | Kaspar Tammist | Katja Danilova | Katre Sai | Katre Soppe | Katriin Laanet | Katriin Mangus | Katrin Isotamm | Katrin Koov | Katrin Pleesi | Katrina Kolk | Keidi Roosim\u00e4e | Keily-Marleen Frei | Keiu Rebane | Keiu Virro | Keiu Rebane | Kell Roos | Kelly Tsilke | Kenn-Eerik Kannike | Kenneth juus | Kenzo Brauer | Kerli Laur | Kerly Veide | Kermo Pajula | Kermo Vahula | Kersti Viilup | Kert Kaasik | Kerttu M\u00e4ger | Kerttu Sepp | Kerttu Tammik | Kertu Viilup | Kevin Alev | Kevin Kinev | Kevin-Mattias Ahveldt | Kiira Udu | Kikka Rannu | Kilmi Kandel | Kirke-Carol Promm | Klara Helena Peterson | Kristelle K\u00e4gu | Kristel Tamm | Kristel Birgit Potsepp | Kristel Jakobson | Kristel Joost | Kristi Aarelo | Kristi Liiva | Kristi Tiivas | Kristi Viimsalu | Kristiina Assmann | Kristiina Ling | Kristiina Stokkeby | Kristjan Kirspuu | Kristofer Allmere | Kristofer J\u00fcrisoo | Kristofer Robin Kirsiste | K\u00e4rt Vajakas | K\u00e4rt Villmann | Laura Enn | Laura Kalda | Laura Lepik | Laura Matrov | Laura Pallon | Laura Pilv | Laura Sild | Laura Tomp | Laura Valli | Laura \u00d5ige | Lauri Kriisa | Lauri L\u00e4\u00e4nemets | Leene Martoja | Lii Lopp | Liia Koppel | Liina Osila | Liina Uudelt | Liis Margaret Tamme | Liis K\u00e4ngsepp | Liis Oja | Liisa Allorg | Liisa J\u00f5er\u00fc\u00fct | Liisa Matsar | Liisa Sillamaa | Liisi Enn | Liisi Rohtung | Liisa Hendrikson | Liisa Pool | Liisa Rohila | Liise Daaniel | Lisanna Marta Tross | Lisete Palmi | Ljudmilla Manju\u0161evskaja | Loreena Jurtom | Luisa M\u00e4nnilaan | Ly Allas | Maarit Cimolonskas | Maarit N\u00f5mm | Maarja Loorents | Maarja Loorits | Maarja-Liis Meri | Maarja-Liis M\u00f6lder | Maie Pihl | Maiken Alandi | Maiken Ojaniit | Maiko Kesk\u00fcla | Maile Kesk\u00fcla | Maire Iro | Mairi Korkka | Maiu Lauring | Maive Premet | Margaret Tilk | Maria Kullam\u00e4gi | Maria Laanj\u00e4rv | Marianne Kalvik | Marie Aamisepp | Marie Marleen Jaanof | Marii Meesak | Mariia Dorogova | Mariliis Pinn | Maris J\u00f5geva | Maris Keerberg | Maris Metsatalu | Marit Sukk | Maritana J\u00e4rve | Maris Ojaste | Marje-Ly Rebas | Marje Paddar | Marju-Nella Klimov | Marko Haug | Marko J\u00e4rvsoo | Marleen-Janely Matto | Marleen Pedjasaar | Martin Lehari | Martin Meitern | Mart Uusj\u00e4rv | Marta Meesak | Marta N\u00e4rip\u00e4 | Marten Lauri | Marten Liukonen | Martha-Beryl Grauberg | Marti Kutsar | Mati Kesk\u00fcla | Meelis Pihtje | Meelis V\u00e4lim\u00e4e | Mehirt Emmus | Melani Adrat | Meri K\u00fclm | Meribel Lehemets | Merili Konik | Merle R\u00fc\u00fctel | Mia Laurel Viilup | Miia Kattel | Miia Soosalu | Mikk Nurga | Mikk Vissak | Mirell Kleinod | Mirjam R\u00e4\u00e4bis | Moonika Vene | Moonika Tetto | M\u00e4rten M\u00f5ttus | M\u00e4rten Viitmaa | Natalja Haug | Natalja Jakovleva | Natasa Haug | Nelli Litvinjuk | Nora Eensalu | Olev Kenk | Olga Korneit\u0161ik | Olga Prokofjeva | Oliver Bollverk | Olle Tischler | Oskar P\u00f5ldvee | Ott Karulin | Paula Koppel | Petrik Saks | Peeter L\u00e4ll | Peeter Saldre | Pille-Riin Vallner | Piret Eesmaa | Piret Kanne | Piret Maasik | Piret Ranne | Piret Raudsepp | Priit Annus | Priit J\u00f5esaar | Priit V\u00e4rk | Polina Polyakoff | Ragne-Liis M\u00f5ttus | Raido Laas | Raiko Alliksaar | Raiko Tombak | Raimo Matvere | Rain Avarmaa | Rainer Eidemiller | Rait Pihelgas | Randel L\u00e4nts | Ralf Erusk | Rauno Arunurm | Rasmus Eelmaa | Reelika Lippur | Reet Taniel | Regina Melder | Reima N\u00f5mmik | Reimo Loorents | Reliina Kannel-Taurus | Rene M\u00fcnzer | Renee Vellama | Riimo Treublut | Riin Luks | Riina Ani | Riina Hiob | Riina Soobik | Rita Laanetu | Robert Petrov | Robert Viimsalu | Roland Eiland | Roman Puiestik | Ronald Eiland | Ronaldo Ollo | Ruti Einpalu | Saara Mildeberg | Sandra Arum\u00e4e | Sandra J\u00e4nes | Sandra Sander | Sandra Sillaots | Sandra Kartau | Selene Gnadenteich | Senni Verchestein | Signe Kotkas | Sigrid Barnabas | Sigrid Koobas | Sigrid Sepp | Sigrid Sitnikov | Sigrid Solnik | Sigrit Alunurm | Siim Oja | Siim Vene | Siimon Usai | Siiri Vene | Silver Hansen | Silver Sillak | Simon Usai | Siret Pihelgas | Sirje Grauberg | Sorge Margus Tiitsmaa | Sten Andreas Ehrlich | Stuart Garlick | Sulev Lange | Sulev Liiva | Susanna P\u00e4iv | Susanna Veevo | Sven Aluste | Sven Soomuste | Svetlana Stsur | Taavi Visnap | Tali Kletter | Tanel Miil | Tauno Fuchs | Tauno T\u00f5hk | Teele Seire | Teibi Torm | Terje Kaur | Tiia Tamm | Tiina Kivila | Tiina M\u00e4lk | Tiina Roosvee | Timmu Markus Malmre | Tiit Kanne | Tiit Reinberg | Tiiu Saarist | Toomas Roolaid | Triin Adamson | Triin J\u00fcrim\u00e4e | Triin K\u00f5rvek | Triin Loik | Triin Pobbol | Triin Randv\u00e4li | Triin Saul | Triin Siiber | Triin Tiits | Trino Arras | Uku-Bert Aare | Urmas Glase | Urmet Pudakevits | Urmo Enn | Urmo K\u00fcbar | Urve Vene | Vadim Ivanov | Valev V\u00e4ljaots | Vanessa Melina Orumaa | Vanessa Natus | Victoria Usai | Virve Kass | Vladislav Lu\u0161in | \u00dclle Laas | \u00dclle Leesmaa | \u00dclle M\u00fcller | \u00dclli M\u00fcller | Yuliya Panasenko<\/p>\n\n\n<div class=\"lazyblock-media-with-content-ZYJqcI wp-block-lazyblock-media-with-content\">\n<section class=\"media-w-content media-w-content--in-content\">\n            <div class=\"media-w-content__media\">\n            <img decoding=\"async\" src=\"https:\/\/arvamusfestival.ee\/wp-content\/uploads\/2022\/11\/52280702645_eccc669937_o-scaled.jpg\" alt=\"\">\n        <\/div>\n        <div class=\"media-w-content__content\">\n        <div class=\"media-w-content__vcenter\">\n                            <h4>Vabatahtlikuna festivalil<\/h4>\n                                        <h2>Elumuutev kogemus<\/h2>\n                                        <div><p>\u201cNende inimestega koos tegin ma \u00fckskord Arvamusfestivali!\u201d on lause, mida sajad inimesed saavad Arvamusfestivali pildigaleriid vaadates rahulolu ning uhkusega \u00f6elda, sest Arvamusfestival saab teoks just t\u00e4nu vabatahtlike t\u00f6\u00f6le.<\/p><\/div>\n            \n                            <a href=\"https:\/\/arvamusfestival.ee\/vabatahtlikuna-arvamusfestivalil\/\" class=\"btn\">ANNA ENDAST M\u00c4RKU<\/a>\n                    <\/div>\n    <\/div>\n<\/section><\/div>\n\n\n<h2 class=\"wp-block-heading\" id=\"kapoti-all\">Kapoti all<\/h2>\n\n\n\n<ul class=\"wp-block-list\">\n<li>MT\u00dc Arvamusfestival | 80400434 | EE101932941 | EE137700771002377691 | Keskv\u00e4ljak 15, 72711 Paide<\/li>\n\n\n\n<li>Juhatusse kuuluvad Taaniel Raudsepp (tegevjuht ja juhatuse esimees)<\/li>\n\n\n\n<li><a href=\"https:\/\/arvamusfestival.ee\/wp-content\/uploads\/2023\/05\/Arvamusfestivali-pohikiri_2023.pdf\">MT\u00dc Arvamusfestival p\u00f5hikiri<\/a><\/li>\n\n\n\n<li><a href=\"https:\/\/arvamusfestival.ee\/wp-content\/uploads\/2022\/03\/CVI_AF2016.pdf\">CVI ja s\u00fcmboolika<\/a><\/li>\n\n\n\n<li><a href=\"https:\/\/drive.google.com\/drive\/folders\/1MxhfyMHUVbZB8spCB9x8K4ZzaFc7iLm9?usp=sharing\" target=\"_blank\" rel=\"noreferrer noopener\">2024 festivali logod<\/a><\/li>\n\n\n\n<li>J\u00e4rgime <a href=\"https:\/\/heakodanik.ee\/vabauhenduste-eetikakoodeks\/\">vaba\u00fchenduste eetikakoodeksit<\/a> ning <a href=\"https:\/\/heakodanik.ee\/annetuste-kogumise-hea-tava\/\">annetuste kogumise head tava<\/a>.<\/li>\n\n\n\n<li>Majandusaasta aruanded: <a href=\"https:\/\/arvamusfestival.ee\/wp-content\/uploads\/2024\/02\/2023Aruanne_80400434.pdf\" data-type=\"attachment\" data-id=\"5731\">2023<\/a> | <a href=\"https:\/\/arvamusfestival.ee\/wp-content\/uploads\/2023\/04\/Arvamusfestival-MAA-2022.pdf\">2022<\/a> | <a href=\"https:\/\/arvamusfestival.ee\/wp-content\/uploads\/2022\/07\/MTU_Arvamusfestival-aruanne_2021.pdf\">2021<\/a> | <a href=\"https:\/\/arvamusfestival.ee\/wp-content\/uploads\/2022\/01\/AF-MAA-2020.pdf\">2020<\/a> | <a href=\"https:\/\/arvamusfestival.ee\/wp-content\/uploads\/2022\/01\/AF-MAA-2019.pdf\">2019<\/a> | <a href=\"https:\/\/arvamusfestival.ee\/wp-content\/uploads\/2022\/01\/AF-MAA-2018.pdf\">2018<\/a> | <a href=\"https:\/\/arvamusfestival.ee\/wp-content\/uploads\/2022\/01\/AF-MAA-2017.pdf\">2017<\/a> | <a href=\"https:\/\/arvamusfestival.ee\/wp-content\/uploads\/2022\/01\/AF-MAA-2016.pdf\">2016<\/a> | 2013-2015 olime osa <a href=\"https:\/\/heakodanik.ee\/aastaaruanded\/\">EMSLi majandusaasta aruannetest.<\/a><\/li>\n<\/ul>\n\n\n\n<p>2018-19 toetas meie tiimiloome arenguh\u00fcpet ja 2019 \u00e4rimudeli anal\u00fc\u00fcsiprojekti Kodaniku\u00fchiskonna Sihtkapital. 2019-21 toetas festivali EMP toetuste Aktiivsete Kodanike Fond, mida vahendab Avatud Eesti Fond koost\u00f6\u00f6s Vaba\u00fchenduste Liiduga.<\/p>\n\n\n\n<p><strong>Arvamusfestival on kaitstud kaubam\u00e4rk (registreeringu number on 52804) ja selle kasutamiseks tuleb k\u00fcsida luba.<\/strong><\/p>\n\n\n\n<hr class=\"wp-block-separator has-alpha-channel-opacity\"\/>\n\n\n\n<div class=\"wp-block-group\"><div class=\"wp-block-group__inner-container is-layout-constrained wp-block-group-is-layout-constrained\">\n<p><strong>ARHIIV<\/strong><\/p>\n<\/div><\/div>\n\n\n\n<ul class=\"wp-block-list\">\n<li><a href=\"https:\/\/arvamusfestival.ee\/arvamusfestivali-ajakirjade-ja-kavade-arhiiv\/\" target=\"_blank\" rel=\"noreferrer noopener\">Arvamusfestivali ajakirjade ja kavade arhiiv<\/a><\/li>\n\n\n\n<li><a href=\"http:\/\/www.arvamusfestival.ee\/kava\">Kavade arhiiv<\/a><\/li>\n<\/ul>\n","protected":false},"excerpt":{"rendered":"<p>Volunteers throughout the years Ade-Briana Nurk | Aet Kiisla | Aet Purk | Agne Kivisaar | Agnes Sugurova | Ago Gashkov | Aili Agarmaa | Aili Sagor | Airi Jakobson-M\u00e4nnik | Aive \u00c4\u00e4rma | Alari [&hellip;]<\/p>\n","protected":false},"author":1,"featured_media":0,"parent":0,"menu_order":0,"comment_status":"closed","ping_status":"closed","template":"template-color-3.php","meta":{"_acf_changed":false,"_eb_attr":"","footnotes":""},"class_list":["post-873","page","type-page","status-publish","hentry"],"acf":[],"_links":{"self":[{"href":"https:\/\/arvamusfestival.ee\/en\/wp-json\/wp\/v2\/pages\/873","targetHints":{"allow":["GET"]}}],"collection":[{"href":"https:\/\/arvamusfestival.ee\/en\/wp-json\/wp\/v2\/pages"}],"about":[{"href":"https:\/\/arvamusfestival.ee\/en\/wp-json\/wp\/v2\/types\/page"}],"author":[{"embeddable":true,"href":"https:\/\/arvamusfestival.ee\/en\/wp-json\/wp\/v2\/users\/1"}],"replies":[{"embeddable":true,"href":"https:\/\/arvamusfestival.ee\/en\/wp-json\/wp\/v2\/comments?post=873"}],"version-history":[{"count":32,"href":"https:\/\/arvamusfestival.ee\/en\/wp-json\/wp\/v2\/pages\/873\/revisions"}],"predecessor-version":[{"id":7747,"href":"https:\/\/arvamusfestival.ee\/en\/wp-json\/wp\/v2\/pages\/873\/revisions\/7747"}],"wp:attachment":[{"href":"https:\/\/arvamusfestival.ee\/en\/wp-json\/wp\/v2\/media?parent=873"}],"curies":[{"name":"wp","href":"https:\/\/api.w.org\/{rel}","templated":true}]}}